{"id":4292,"date":"2026-04-08T14:34:42","date_gmt":"2026-04-08T13:34:42","guid":{"rendered":"https:\/\/belgianballoonclub.be\/boutique\/zondag-19-april-2\/"},"modified":"2026-04-08T14:34:50","modified_gmt":"2026-04-08T13:34:50","slug":"dimanche-19-avril-2","status":"publish","type":"product","link":"https:\/\/belgianballoonclub.be\/nl\/winkel\/dimanche-19-avril-2\/","title":{"rendered":"zondag 19 April"},"content":{"rendered":"<p>Vlucht in de buurt van province Luxembourg, op zondag 19 April om 16.00 uur.<\/p>\n<p>Gedeelde vlucht aan boord van een mand met maximaal 4 passagiers.<br \/>\n<br \/>De activiteit duurt  ongeveer 3 uur, waarvan ongeveer 1 uur vliegen.<\/p>\n<p>En voor al onze vluchten,<\/p>\n<ul>\n<li>Traditionele after flight en diploma\u2019s<\/li>\n<li>lokale <b>kwaliteitsbubbels<\/b>: <i><b>\u201cPerles de Wallonie\u201d<\/b><\/i> van het <b>Domaine du Chenoy<\/b><\/li>\n<li>Keer terug in onze voertuigen naar het ontmoetingspunt <b>zonder extra kosten<\/b><\/li>\n<\/ul>\n<p>De definitieve ontmoetingsplaats wordt bij de bevestiging van de vlucht  door de piloot bekendgemaakt.<\/p>\n<p>Als U als eerste plaats aan boord boekt, kan deze vlucht worden geprivatiseerd voor twee personen (en de piloot) voor een <b>\u00e9\u00e9n-op-\u00e9\u00e9n vlucht<\/b><\/p>\n","protected":false},"excerpt":{"rendered":"<p>Vlucht in de buurt van %1, op %2 om %4.<\/p>\n","protected":false},"featured_media":0,"template":"","meta":[],"product_cat":[109],"product_tag":[107],"class_list":{"0":"post-4292","1":"product","2":"type-product","3":"status-publish","5":"product_cat-vol-partage","6":"product_tag-soir","8":"first","9":"instock","10":"virtual","11":"taxable","12":"purchasable","13":"product-type-simple"},"yoast_head":"<!-- This site is optimized with the Yoast SEO plugin v24.1 - https:\/\/yoast.com\/wordpress\/plugins\/seo\/ -->\n<title>Belgian balloon club - zondag 19 April<\/title>\n<meta name=\"robots\" content=\"index, follow, max-snippet:-1, max-image-preview:large, max-video-preview:-1\" \/>\n<link rel=\"canonical\" href=\"https:\/\/belgianballoonclub.be\/nl\/winkel\/dimanche-19-avril-2\/\" \/>\n<meta property=\"og:locale\" content=\"nl_NL\" \/>\n<meta property=\"og:type\" content=\"article\" \/>\n<meta property=\"og:title\" content=\"Belgian balloon club - zondag 19 April\" \/>\n<meta property=\"og:description\" content=\"Vlucht in de buurt van %1, op %2 om %4.\" \/>\n<meta property=\"og:url\" content=\"https:\/\/belgianballoonclub.be\/nl\/winkel\/dimanche-19-avril-2\/\" \/>\n<meta property=\"og:site_name\" content=\"Belgian balloon club\" \/>\n<meta property=\"article:publisher\" content=\"https:\/\/www.facebook.com\/belgianballoonclub\" \/>\n<meta property=\"article:modified_time\" content=\"2026-04-08T13:34:50+00:00\" \/>\n<meta property=\"og:image\" content=\"https:\/\/belgianballoonclub.be\/wp-content\/uploads\/2017\/12\/Logo-BBC.jpg\" \/>\n\t<meta property=\"og:image:width\" content=\"1654\" \/>\n\t<meta property=\"og:image:height\" content=\"1063\" \/>\n\t<meta property=\"og:image:type\" content=\"image\/jpeg\" \/>\n<meta name=\"twitter:label1\" content=\"Geschatte leestijd\" \/>\n\t<meta name=\"twitter:data1\" content=\"1 minute\" \/>\n<script type=\"application\/ld+json\" class=\"yoast-schema-graph\">{\"@context\":\"https:\/\/schema.org\",\"@graph\":[{\"@type\":\"WebPage\",\"@id\":\"https:\/\/belgianballoonclub.be\/nl\/winkel\/dimanche-19-avril-2\/\",\"url\":\"https:\/\/belgianballoonclub.be\/nl\/winkel\/dimanche-19-avril-2\/\",\"name\":\"Belgian balloon club - zondag 19 April\",\"isPartOf\":{\"@id\":\"https:\/\/belgianballoonclub.be\/#website\"},\"datePublished\":\"2026-04-08T13:34:42+00:00\",\"dateModified\":\"2026-04-08T13:34:50+00:00\",\"breadcrumb\":{\"@id\":\"https:\/\/belgianballoonclub.be\/nl\/winkel\/dimanche-19-avril-2\/#breadcrumb\"},\"inLanguage\":\"fr-FR\",\"potentialAction\":[{\"@type\":\"ReadAction\",\"target\":[\"https:\/\/belgianballoonclub.be\/nl\/winkel\/dimanche-19-avril-2\/\"]}]},{\"@type\":\"BreadcrumbList\",\"@id\":\"https:\/\/belgianballoonclub.be\/nl\/winkel\/dimanche-19-avril-2\/#breadcrumb\",\"itemListElement\":[{\"@type\":\"ListItem\",\"position\":1,\"name\":\"Start\",\"item\":\"https:\/\/belgianballoonclub.be\/nl\/\"},{\"@type\":\"ListItem\",\"position\":2,\"name\":\"Winkel\",\"item\":\"https:\/\/belgianballoonclub.be\/nl\/winkel-op\/\"},{\"@type\":\"ListItem\",\"position\":3,\"name\":\"Gedeelde vlucht\",\"item\":\"https:\/\/belgianballoonclub.be\/nl\/categorie-produit\/vol-partage-nl\/\"},{\"@type\":\"ListItem\",\"position\":4,\"name\":\"zondag 19 April\"}]},{\"@type\":\"WebSite\",\"@id\":\"https:\/\/belgianballoonclub.be\/#website\",\"url\":\"https:\/\/belgianballoonclub.be\/\",\"name\":\"Belgian balloon club\",\"description\":\"Fly for fun\",\"publisher\":{\"@id\":\"https:\/\/belgianballoonclub.be\/#organization\"},\"potentialAction\":[{\"@type\":\"SearchAction\",\"target\":{\"@type\":\"EntryPoint\",\"urlTemplate\":\"https:\/\/belgianballoonclub.be\/?s={search_term_string}\"},\"query-input\":{\"@type\":\"PropertyValueSpecification\",\"valueRequired\":true,\"valueName\":\"search_term_string\"}}],\"inLanguage\":\"fr-FR\"},{\"@type\":\"Organization\",\"@id\":\"https:\/\/belgianballoonclub.be\/#organization\",\"name\":\"Belgian Balloon Club\",\"url\":\"https:\/\/belgianballoonclub.be\/\",\"logo\":{\"@type\":\"ImageObject\",\"inLanguage\":\"fr-FR\",\"@id\":\"https:\/\/belgianballoonclub.be\/#\/schema\/logo\/image\/\",\"url\":\"https:\/\/belgianballoonclub.be\/wp-content\/uploads\/2017\/12\/Logo-BBC.jpg\",\"contentUrl\":\"https:\/\/belgianballoonclub.be\/wp-content\/uploads\/2017\/12\/Logo-BBC.jpg\",\"width\":1654,\"height\":1063,\"caption\":\"Belgian Balloon Club\"},\"image\":{\"@id\":\"https:\/\/belgianballoonclub.be\/#\/schema\/logo\/image\/\"},\"sameAs\":[\"https:\/\/www.facebook.com\/belgianballoonclub\",\"https:\/\/www.youtube.com\/channel\/UCqPRPMiO7Y6jZJ43ZLDmrAQ\"]}]}<\/script>\n<!-- \/ Yoast SEO plugin. -->","yoast_head_json":{"title":"Belgian balloon club - zondag 19 April","robots":{"index":"index","follow":"follow","max-snippet":"max-snippet:-1","max-image-preview":"max-image-preview:large","max-video-preview":"max-video-preview:-1"},"canonical":"https:\/\/belgianballoonclub.be\/nl\/winkel\/dimanche-19-avril-2\/","og_locale":"nl_NL","og_type":"article","og_title":"Belgian balloon club - zondag 19 April","og_description":"Vlucht in de buurt van %1, op %2 om %4.","og_url":"https:\/\/belgianballoonclub.be\/nl\/winkel\/dimanche-19-avril-2\/","og_site_name":"Belgian balloon club","article_publisher":"https:\/\/www.facebook.com\/belgianballoonclub","article_modified_time":"2026-04-08T13:34:50+00:00","og_image":[{"width":1654,"height":1063,"url":"https:\/\/belgianballoonclub.be\/wp-content\/uploads\/2017\/12\/Logo-BBC.jpg","type":"image\/jpeg"}],"twitter_misc":{"Geschatte leestijd":"1 minute"},"schema":{"@context":"https:\/\/schema.org","@graph":[{"@type":"WebPage","@id":"https:\/\/belgianballoonclub.be\/nl\/winkel\/dimanche-19-avril-2\/","url":"https:\/\/belgianballoonclub.be\/nl\/winkel\/dimanche-19-avril-2\/","name":"Belgian balloon club - zondag 19 April","isPartOf":{"@id":"https:\/\/belgianballoonclub.be\/#website"},"datePublished":"2026-04-08T13:34:42+00:00","dateModified":"2026-04-08T13:34:50+00:00","breadcrumb":{"@id":"https:\/\/belgianballoonclub.be\/nl\/winkel\/dimanche-19-avril-2\/#breadcrumb"},"inLanguage":"fr-FR","potentialAction":[{"@type":"ReadAction","target":["https:\/\/belgianballoonclub.be\/nl\/winkel\/dimanche-19-avril-2\/"]}]},{"@type":"BreadcrumbList","@id":"https:\/\/belgianballoonclub.be\/nl\/winkel\/dimanche-19-avril-2\/#breadcrumb","itemListElement":[{"@type":"ListItem","position":1,"name":"Start","item":"https:\/\/belgianballoonclub.be\/nl\/"},{"@type":"ListItem","position":2,"name":"Winkel","item":"https:\/\/belgianballoonclub.be\/nl\/winkel-op\/"},{"@type":"ListItem","position":3,"name":"Gedeelde vlucht","item":"https:\/\/belgianballoonclub.be\/nl\/categorie-produit\/vol-partage-nl\/"},{"@type":"ListItem","position":4,"name":"zondag 19 April"}]},{"@type":"WebSite","@id":"https:\/\/belgianballoonclub.be\/#website","url":"https:\/\/belgianballoonclub.be\/","name":"Belgian balloon club","description":"Fly for fun","publisher":{"@id":"https:\/\/belgianballoonclub.be\/#organization"},"potentialAction":[{"@type":"SearchAction","target":{"@type":"EntryPoint","urlTemplate":"https:\/\/belgianballoonclub.be\/?s={search_term_string}"},"query-input":{"@type":"PropertyValueSpecification","valueRequired":true,"valueName":"search_term_string"}}],"inLanguage":"fr-FR"},{"@type":"Organization","@id":"https:\/\/belgianballoonclub.be\/#organization","name":"Belgian Balloon Club","url":"https:\/\/belgianballoonclub.be\/","logo":{"@type":"ImageObject","inLanguage":"fr-FR","@id":"https:\/\/belgianballoonclub.be\/#\/schema\/logo\/image\/","url":"https:\/\/belgianballoonclub.be\/wp-content\/uploads\/2017\/12\/Logo-BBC.jpg","contentUrl":"https:\/\/belgianballoonclub.be\/wp-content\/uploads\/2017\/12\/Logo-BBC.jpg","width":1654,"height":1063,"caption":"Belgian Balloon Club"},"image":{"@id":"https:\/\/belgianballoonclub.be\/#\/schema\/logo\/image\/"},"sameAs":["https:\/\/www.facebook.com\/belgianballoonclub","https:\/\/www.youtube.com\/channel\/UCqPRPMiO7Y6jZJ43ZLDmrAQ"]}]}},"_links":{"self":[{"href":"https:\/\/belgianballoonclub.be\/nl\/wp-json\/wp\/v2\/product\/4292","targetHints":{"allow":["GET"]}}],"collection":[{"href":"https:\/\/belgianballoonclub.be\/nl\/wp-json\/wp\/v2\/product"}],"about":[{"href":"https:\/\/belgianballoonclub.be\/nl\/wp-json\/wp\/v2\/types\/product"}],"wp:attachment":[{"href":"https:\/\/belgianballoonclub.be\/nl\/wp-json\/wp\/v2\/media?parent=4292"}],"wp:term":[{"taxonomy":"product_cat","embeddable":true,"href":"https:\/\/belgianballoonclub.be\/nl\/wp-json\/wp\/v2\/product_cat?post=4292"},{"taxonomy":"product_tag","embeddable":true,"href":"https:\/\/belgianballoonclub.be\/nl\/wp-json\/wp\/v2\/product_tag?post=4292"}],"curies":[{"name":"wp","href":"https:\/\/api.w.org\/{rel}","templated":true}]}}