{"id":4169,"date":"2026-02-11T16:54:37","date_gmt":"2026-02-11T15:54:37","guid":{"rendered":"https:\/\/belgianballoonclub.be\/boutique\/zaterdag-16-mei\/"},"modified":"2026-02-11T16:55:23","modified_gmt":"2026-02-11T15:55:23","slug":"samedi-16-mai","status":"publish","type":"product","link":"https:\/\/belgianballoonclub.be\/nl\/winkel\/samedi-16-mai\/","title":{"rendered":"zaterdag 16 Mei"},"content":{"rendered":"<p>Vlucht in de buurt van Han-sur-Lesse, op zaterdag 16 Mei om 04.00 uur.<\/p>\n<p>Gedeelde vlucht aan boord van een mand met maximaal 3 passagiers.<br \/>\n<br \/>De activiteit duurt  ongeveer 3 uur, waarvan ongeveer 1 uur vliegen.<\/p>\n<p>En voor al onze vluchten,<\/p>\n<ul>\n<li>Traditionele after flight en diploma\u2019s<\/li>\n<li>lokale <b>kwaliteitsbubbels<\/b>: <i><b>\u201cPerles de Wallonie\u201d<\/b><\/i> van het <b>Domaine du Chenoy<\/b><\/li>\n<li>Keer terug in onze voertuigen naar het ontmoetingspunt <b>zonder extra kosten<\/b><\/li>\n<\/ul>\n<p>De definitieve ontmoetingsplaats wordt bij de bevestiging van de vlucht  door de piloot bekendgemaakt.<\/p>\n<p>Als U als eerste plaats aan boord boekt, kan deze vlucht worden geprivatiseerd voor twee personen (en de piloot) voor een <b>\u00e9\u00e9n-op-\u00e9\u00e9n vlucht<\/b><\/p>\n","protected":false},"excerpt":{"rendered":"<p>Vlucht in de buurt van %1, op %2 om %4.<\/p>\n","protected":false},"featured_media":3992,"template":"","meta":[],"product_cat":[246],"product_tag":[215,106],"class_list":{"0":"post-4169","1":"product","2":"type-product","3":"status-publish","4":"has-post-thumbnail","6":"product_cat-stem","7":"product_tag-han-sur-lesse","8":"product_tag-matin","10":"first","11":"instock","12":"virtual","13":"taxable","14":"purchasable","15":"product-type-simple"},"yoast_head":"<!-- This site is optimized with the Yoast SEO plugin v24.1 - https:\/\/yoast.com\/wordpress\/plugins\/seo\/ -->\n<title>Belgian balloon club - zaterdag 16 Mei<\/title>\n<meta name=\"robots\" content=\"index, follow, max-snippet:-1, max-image-preview:large, max-video-preview:-1\" \/>\n<link rel=\"canonical\" href=\"https:\/\/belgianballoonclub.be\/nl\/winkel\/samedi-16-mai\/\" \/>\n<meta property=\"og:locale\" content=\"nl_NL\" \/>\n<meta property=\"og:type\" content=\"article\" \/>\n<meta property=\"og:title\" content=\"Belgian balloon club - zaterdag 16 Mei\" \/>\n<meta property=\"og:description\" content=\"Vlucht in de buurt van %1, op %2 om %4.\" \/>\n<meta property=\"og:url\" content=\"https:\/\/belgianballoonclub.be\/nl\/winkel\/samedi-16-mai\/\" \/>\n<meta property=\"og:site_name\" content=\"Belgian balloon club\" \/>\n<meta property=\"article:publisher\" content=\"https:\/\/www.facebook.com\/belgianballoonclub\" \/>\n<meta property=\"article:modified_time\" content=\"2026-02-11T15:55:23+00:00\" \/>\n<meta property=\"og:image\" content=\"https:\/\/belgianballoonclub.be\/wp-content\/uploads\/2025\/11\/PH-STEM.png\" \/>\n\t<meta property=\"og:image:width\" content=\"480\" \/>\n\t<meta property=\"og:image:height\" content=\"564\" \/>\n\t<meta property=\"og:image:type\" content=\"image\/png\" \/>\n<meta name=\"twitter:label1\" content=\"Geschatte leestijd\" \/>\n\t<meta name=\"twitter:data1\" content=\"1 minute\" \/>\n<script type=\"application\/ld+json\" class=\"yoast-schema-graph\">{\"@context\":\"https:\/\/schema.org\",\"@graph\":[{\"@type\":\"WebPage\",\"@id\":\"https:\/\/belgianballoonclub.be\/nl\/winkel\/samedi-16-mai\/\",\"url\":\"https:\/\/belgianballoonclub.be\/nl\/winkel\/samedi-16-mai\/\",\"name\":\"Belgian balloon club - zaterdag 16 Mei\",\"isPartOf\":{\"@id\":\"https:\/\/belgianballoonclub.be\/#website\"},\"primaryImageOfPage\":{\"@id\":\"https:\/\/belgianballoonclub.be\/nl\/winkel\/samedi-16-mai\/#primaryimage\"},\"image\":{\"@id\":\"https:\/\/belgianballoonclub.be\/nl\/winkel\/samedi-16-mai\/#primaryimage\"},\"thumbnailUrl\":\"https:\/\/belgianballoonclub.be\/wp-content\/uploads\/2025\/11\/PH-STEM.png\",\"datePublished\":\"2026-02-11T15:54:37+00:00\",\"dateModified\":\"2026-02-11T15:55:23+00:00\",\"breadcrumb\":{\"@id\":\"https:\/\/belgianballoonclub.be\/nl\/winkel\/samedi-16-mai\/#breadcrumb\"},\"inLanguage\":\"fr-FR\",\"potentialAction\":[{\"@type\":\"ReadAction\",\"target\":[\"https:\/\/belgianballoonclub.be\/nl\/winkel\/samedi-16-mai\/\"]}]},{\"@type\":\"ImageObject\",\"inLanguage\":\"fr-FR\",\"@id\":\"https:\/\/belgianballoonclub.be\/nl\/winkel\/samedi-16-mai\/#primaryimage\",\"url\":\"https:\/\/belgianballoonclub.be\/wp-content\/uploads\/2025\/11\/PH-STEM.png\",\"contentUrl\":\"https:\/\/belgianballoonclub.be\/wp-content\/uploads\/2025\/11\/PH-STEM.png\",\"width\":480,\"height\":564},{\"@type\":\"BreadcrumbList\",\"@id\":\"https:\/\/belgianballoonclub.be\/nl\/winkel\/samedi-16-mai\/#breadcrumb\",\"itemListElement\":[{\"@type\":\"ListItem\",\"position\":1,\"name\":\"Start\",\"item\":\"https:\/\/belgianballoonclub.be\/nl\/\"},{\"@type\":\"ListItem\",\"position\":2,\"name\":\"Winkel\",\"item\":\"https:\/\/belgianballoonclub.be\/nl\/winkel-op\/\"},{\"@type\":\"ListItem\",\"position\":3,\"name\":\"STEM\",\"item\":\"https:\/\/belgianballoonclub.be\/categorie-produit\/stem\/\"},{\"@type\":\"ListItem\",\"position\":4,\"name\":\"zaterdag 16 Mei\"}]},{\"@type\":\"WebSite\",\"@id\":\"https:\/\/belgianballoonclub.be\/#website\",\"url\":\"https:\/\/belgianballoonclub.be\/\",\"name\":\"Belgian balloon club\",\"description\":\"Fly for fun\",\"publisher\":{\"@id\":\"https:\/\/belgianballoonclub.be\/#organization\"},\"potentialAction\":[{\"@type\":\"SearchAction\",\"target\":{\"@type\":\"EntryPoint\",\"urlTemplate\":\"https:\/\/belgianballoonclub.be\/?s={search_term_string}\"},\"query-input\":{\"@type\":\"PropertyValueSpecification\",\"valueRequired\":true,\"valueName\":\"search_term_string\"}}],\"inLanguage\":\"fr-FR\"},{\"@type\":\"Organization\",\"@id\":\"https:\/\/belgianballoonclub.be\/#organization\",\"name\":\"Belgian Balloon Club\",\"url\":\"https:\/\/belgianballoonclub.be\/\",\"logo\":{\"@type\":\"ImageObject\",\"inLanguage\":\"fr-FR\",\"@id\":\"https:\/\/belgianballoonclub.be\/#\/schema\/logo\/image\/\",\"url\":\"https:\/\/belgianballoonclub.be\/wp-content\/uploads\/2017\/12\/Logo-BBC.jpg\",\"contentUrl\":\"https:\/\/belgianballoonclub.be\/wp-content\/uploads\/2017\/12\/Logo-BBC.jpg\",\"width\":1654,\"height\":1063,\"caption\":\"Belgian Balloon Club\"},\"image\":{\"@id\":\"https:\/\/belgianballoonclub.be\/#\/schema\/logo\/image\/\"},\"sameAs\":[\"https:\/\/www.facebook.com\/belgianballoonclub\",\"https:\/\/www.youtube.com\/channel\/UCqPRPMiO7Y6jZJ43ZLDmrAQ\"]}]}<\/script>\n<!-- \/ Yoast SEO plugin. -->","yoast_head_json":{"title":"Belgian balloon club - zaterdag 16 Mei","robots":{"index":"index","follow":"follow","max-snippet":"max-snippet:-1","max-image-preview":"max-image-preview:large","max-video-preview":"max-video-preview:-1"},"canonical":"https:\/\/belgianballoonclub.be\/nl\/winkel\/samedi-16-mai\/","og_locale":"nl_NL","og_type":"article","og_title":"Belgian balloon club - zaterdag 16 Mei","og_description":"Vlucht in de buurt van %1, op %2 om %4.","og_url":"https:\/\/belgianballoonclub.be\/nl\/winkel\/samedi-16-mai\/","og_site_name":"Belgian balloon club","article_publisher":"https:\/\/www.facebook.com\/belgianballoonclub","article_modified_time":"2026-02-11T15:55:23+00:00","og_image":[{"width":480,"height":564,"url":"https:\/\/belgianballoonclub.be\/wp-content\/uploads\/2025\/11\/PH-STEM.png","type":"image\/png"}],"twitter_misc":{"Geschatte leestijd":"1 minute"},"schema":{"@context":"https:\/\/schema.org","@graph":[{"@type":"WebPage","@id":"https:\/\/belgianballoonclub.be\/nl\/winkel\/samedi-16-mai\/","url":"https:\/\/belgianballoonclub.be\/nl\/winkel\/samedi-16-mai\/","name":"Belgian balloon club - zaterdag 16 Mei","isPartOf":{"@id":"https:\/\/belgianballoonclub.be\/#website"},"primaryImageOfPage":{"@id":"https:\/\/belgianballoonclub.be\/nl\/winkel\/samedi-16-mai\/#primaryimage"},"image":{"@id":"https:\/\/belgianballoonclub.be\/nl\/winkel\/samedi-16-mai\/#primaryimage"},"thumbnailUrl":"https:\/\/belgianballoonclub.be\/wp-content\/uploads\/2025\/11\/PH-STEM.png","datePublished":"2026-02-11T15:54:37+00:00","dateModified":"2026-02-11T15:55:23+00:00","breadcrumb":{"@id":"https:\/\/belgianballoonclub.be\/nl\/winkel\/samedi-16-mai\/#breadcrumb"},"inLanguage":"fr-FR","potentialAction":[{"@type":"ReadAction","target":["https:\/\/belgianballoonclub.be\/nl\/winkel\/samedi-16-mai\/"]}]},{"@type":"ImageObject","inLanguage":"fr-FR","@id":"https:\/\/belgianballoonclub.be\/nl\/winkel\/samedi-16-mai\/#primaryimage","url":"https:\/\/belgianballoonclub.be\/wp-content\/uploads\/2025\/11\/PH-STEM.png","contentUrl":"https:\/\/belgianballoonclub.be\/wp-content\/uploads\/2025\/11\/PH-STEM.png","width":480,"height":564},{"@type":"BreadcrumbList","@id":"https:\/\/belgianballoonclub.be\/nl\/winkel\/samedi-16-mai\/#breadcrumb","itemListElement":[{"@type":"ListItem","position":1,"name":"Start","item":"https:\/\/belgianballoonclub.be\/nl\/"},{"@type":"ListItem","position":2,"name":"Winkel","item":"https:\/\/belgianballoonclub.be\/nl\/winkel-op\/"},{"@type":"ListItem","position":3,"name":"STEM","item":"https:\/\/belgianballoonclub.be\/categorie-produit\/stem\/"},{"@type":"ListItem","position":4,"name":"zaterdag 16 Mei"}]},{"@type":"WebSite","@id":"https:\/\/belgianballoonclub.be\/#website","url":"https:\/\/belgianballoonclub.be\/","name":"Belgian balloon club","description":"Fly for fun","publisher":{"@id":"https:\/\/belgianballoonclub.be\/#organization"},"potentialAction":[{"@type":"SearchAction","target":{"@type":"EntryPoint","urlTemplate":"https:\/\/belgianballoonclub.be\/?s={search_term_string}"},"query-input":{"@type":"PropertyValueSpecification","valueRequired":true,"valueName":"search_term_string"}}],"inLanguage":"fr-FR"},{"@type":"Organization","@id":"https:\/\/belgianballoonclub.be\/#organization","name":"Belgian Balloon Club","url":"https:\/\/belgianballoonclub.be\/","logo":{"@type":"ImageObject","inLanguage":"fr-FR","@id":"https:\/\/belgianballoonclub.be\/#\/schema\/logo\/image\/","url":"https:\/\/belgianballoonclub.be\/wp-content\/uploads\/2017\/12\/Logo-BBC.jpg","contentUrl":"https:\/\/belgianballoonclub.be\/wp-content\/uploads\/2017\/12\/Logo-BBC.jpg","width":1654,"height":1063,"caption":"Belgian Balloon Club"},"image":{"@id":"https:\/\/belgianballoonclub.be\/#\/schema\/logo\/image\/"},"sameAs":["https:\/\/www.facebook.com\/belgianballoonclub","https:\/\/www.youtube.com\/channel\/UCqPRPMiO7Y6jZJ43ZLDmrAQ"]}]}},"_links":{"self":[{"href":"https:\/\/belgianballoonclub.be\/nl\/wp-json\/wp\/v2\/product\/4169","targetHints":{"allow":["GET"]}}],"collection":[{"href":"https:\/\/belgianballoonclub.be\/nl\/wp-json\/wp\/v2\/product"}],"about":[{"href":"https:\/\/belgianballoonclub.be\/nl\/wp-json\/wp\/v2\/types\/product"}],"wp:featuredmedia":[{"embeddable":true,"href":"https:\/\/belgianballoonclub.be\/nl\/wp-json\/wp\/v2\/media\/3992"}],"wp:attachment":[{"href":"https:\/\/belgianballoonclub.be\/nl\/wp-json\/wp\/v2\/media?parent=4169"}],"wp:term":[{"taxonomy":"product_cat","embeddable":true,"href":"https:\/\/belgianballoonclub.be\/nl\/wp-json\/wp\/v2\/product_cat?post=4169"},{"taxonomy":"product_tag","embeddable":true,"href":"https:\/\/belgianballoonclub.be\/nl\/wp-json\/wp\/v2\/product_tag?post=4169"}],"curies":[{"name":"wp","href":"https:\/\/api.w.org\/{rel}","templated":true}]}}