{"id":3338,"date":"2016-10-05T10:17:54","date_gmt":"2016-10-05T09:17:54","guid":{"rendered":"https:\/\/belgianballoonclub.be\/over-ons\/"},"modified":"2025-08-02T18:26:23","modified_gmt":"2025-08-02T17:26:23","slug":"over-ons","status":"publish","type":"page","link":"https:\/\/belgianballoonclub.be\/nl\/over-ons\/","title":{"rendered":"Over ons"},"content":{"rendered":"<p>De Belgische Ballonclub VZW werd in 1979 opgericht door een handvol ballonvaarders. In 2019 bestond de Belgische Ballonclub 40 jaar. <\/p>\n<p>We hebben 15 heteluchtballonnen. We hebben ook een op afstand bestuurbare mini-luchtballon. Die blazen we op tijdens bepaalde bijeenkomsten.  <\/p>\n<p>Het doel van de VZW is om luchtvaart te promoten. Ons hoofdkantoor is in Namen. Maar we vliegen over heel Belgi\u00eb.  <\/p><h2 class=\"wp-block-heading\">Belgische Ballonvaart Club<\/h2><p>De Belgische Ballonvaartclub VZW<br \/><strong>De maatschappelijke zetel<\/strong> is gevestigd te Avenue Arthur Proc\u00e8s, 12 &#8211; 5000 Namur Belgi\u00eb<br \/><strong>BTW-nummer<\/strong> BE0419497680<br \/><strong>ECB-nummer <\/strong>419497680<br \/>Operator van commerci\u00eble luchtvaartactiviteiten met ballonnen in overeenstemming met Verordening (EU) 2018\/395<\/p><p>Neem voor alle vragen contact met ons op via het contactformulier.<\/p><div class=\"wp-block-buttons aligncenter is-layout-flex wp-block-buttons-is-layout-flex\"><div class=\"wp-block-button\"><a class=\"wp-block-button__link has-text-color has-very-light-gray-color has-background has-vivid-red-background-color\" href=\"https:\/\/belgianballoonclub.be\/contacter\" rel=\"contact\">Neem contact met ons op<\/a><\/div><\/div><p><\/p>","protected":false},"excerpt":{"rendered":"<p>De Belgische Ballonclub VZW werd in 1979 opgericht door een handvol ballonvaarders. In 2019 bestond de Belgische Ballonclub 40 jaar. [&hellip;]<\/p>\n","protected":false},"author":1,"featured_media":0,"parent":0,"menu_order":0,"comment_status":"closed","ping_status":"closed","template":"","meta":{"footnotes":""},"class_list":["post-3338","page","type-page","status-publish","hentry"],"yoast_head":"<!-- This site is optimized with the Yoast SEO plugin v27.4 - https:\/\/yoast.com\/product\/yoast-seo-wordpress\/ -->\n<title>Wie is de Belgische Ballonvaartclub?<\/title>\n<meta name=\"description\" content=\"Le Belgian Balloon Club est une ASBL qui a \u00e9t\u00e9 cr\u00e9\u00e9e en 1979. Il a pour but d&#039;ouvrir le sport a\u00e9rostatique au plus grand nombre.\" \/>\n<meta name=\"robots\" content=\"index, follow, max-snippet:-1, max-image-preview:large, max-video-preview:-1\" \/>\n<link rel=\"canonical\" href=\"https:\/\/belgianballoonclub.be\/nl\/over-ons\/\" \/>\n<meta property=\"og:locale\" content=\"nl_NL\" \/>\n<meta property=\"og:type\" content=\"article\" \/>\n<meta property=\"og:title\" content=\"Wie is de Belgische Ballonvaartclub?\" \/>\n<meta property=\"og:description\" content=\"Le Belgian Balloon Club est une ASBL qui a \u00e9t\u00e9 cr\u00e9\u00e9e en 1979. Il a pour but d&#039;ouvrir le sport a\u00e9rostatique au plus grand nombre.\" \/>\n<meta property=\"og:url\" content=\"https:\/\/belgianballoonclub.be\/nl\/over-ons\/\" \/>\n<meta property=\"og:site_name\" content=\"Belgian Balloon Club\" \/>\n<meta property=\"article:publisher\" content=\"https:\/\/www.facebook.com\/belgianballoonclub\" \/>\n<meta property=\"article:modified_time\" content=\"2025-08-02T17:26:23+00:00\" \/>\n<meta property=\"og:image\" content=\"https:\/\/belgianballoonclub.be\/wp-content\/uploads\/2017\/12\/Logo-BBC.jpg\" \/>\n\t<meta property=\"og:image:width\" content=\"1654\" \/>\n\t<meta property=\"og:image:height\" content=\"1063\" \/>\n\t<meta property=\"og:image:type\" content=\"image\/jpeg\" \/>\n<meta name=\"twitter:label1\" content=\"Geschatte leestijd\" \/>\n\t<meta name=\"twitter:data1\" content=\"1 minute\" \/>\n<script type=\"application\/ld+json\" class=\"yoast-schema-graph\">{\"@context\":\"https:\\\/\\\/schema.org\",\"@graph\":[{\"@type\":\"WebPage\",\"@id\":\"https:\\\/\\\/belgianballoonclub.be\\\/nl\\\/over-ons\\\/\",\"url\":\"https:\\\/\\\/belgianballoonclub.be\\\/nl\\\/over-ons\\\/\",\"name\":\"Wie is de Belgische Ballonvaartclub?\",\"isPartOf\":{\"@id\":\"https:\\\/\\\/belgianballoonclub.be\\\/#website\"},\"datePublished\":\"2016-10-05T09:17:54+00:00\",\"dateModified\":\"2025-08-02T17:26:23+00:00\",\"description\":\"Le Belgian Balloon Club est une ASBL qui a \u00e9t\u00e9 cr\u00e9\u00e9e en 1979. Il a pour but d'ouvrir le sport a\u00e9rostatique au plus grand nombre.\",\"breadcrumb\":{\"@id\":\"https:\\\/\\\/belgianballoonclub.be\\\/nl\\\/over-ons\\\/#breadcrumb\"},\"inLanguage\":\"fr-FR\",\"potentialAction\":[{\"@type\":\"ReadAction\",\"target\":[\"https:\\\/\\\/belgianballoonclub.be\\\/nl\\\/over-ons\\\/\"]}]},{\"@type\":\"BreadcrumbList\",\"@id\":\"https:\\\/\\\/belgianballoonclub.be\\\/nl\\\/over-ons\\\/#breadcrumb\",\"itemListElement\":[{\"@type\":\"ListItem\",\"position\":1,\"name\":\"Start\",\"item\":\"https:\\\/\\\/belgianballoonclub.be\\\/nl\\\/\"},{\"@type\":\"ListItem\",\"position\":2,\"name\":\"Over ons\"}]},{\"@type\":\"WebSite\",\"@id\":\"https:\\\/\\\/belgianballoonclub.be\\\/#website\",\"url\":\"https:\\\/\\\/belgianballoonclub.be\\\/\",\"name\":\"Belgian Balloon Club\",\"description\":\"Fly for fun\",\"publisher\":{\"@id\":\"https:\\\/\\\/belgianballoonclub.be\\\/#organization\"},\"potentialAction\":[{\"@type\":\"SearchAction\",\"target\":{\"@type\":\"EntryPoint\",\"urlTemplate\":\"https:\\\/\\\/belgianballoonclub.be\\\/?s={search_term_string}\"},\"query-input\":{\"@type\":\"PropertyValueSpecification\",\"valueRequired\":true,\"valueName\":\"search_term_string\"}}],\"inLanguage\":\"fr-FR\"},{\"@type\":\"Organization\",\"@id\":\"https:\\\/\\\/belgianballoonclub.be\\\/#organization\",\"name\":\"Belgian Balloon Club\",\"url\":\"https:\\\/\\\/belgianballoonclub.be\\\/\",\"logo\":{\"@type\":\"ImageObject\",\"inLanguage\":\"fr-FR\",\"@id\":\"https:\\\/\\\/belgianballoonclub.be\\\/#\\\/schema\\\/logo\\\/image\\\/\",\"url\":\"https:\\\/\\\/belgianballoonclub.be\\\/wp-content\\\/uploads\\\/2017\\\/12\\\/Logo-BBC.jpg\",\"contentUrl\":\"https:\\\/\\\/belgianballoonclub.be\\\/wp-content\\\/uploads\\\/2017\\\/12\\\/Logo-BBC.jpg\",\"width\":1654,\"height\":1063,\"caption\":\"Belgian Balloon Club\"},\"image\":{\"@id\":\"https:\\\/\\\/belgianballoonclub.be\\\/#\\\/schema\\\/logo\\\/image\\\/\"},\"sameAs\":[\"https:\\\/\\\/www.facebook.com\\\/belgianballoonclub\",\"https:\\\/\\\/www.youtube.com\\\/channel\\\/UCqPRPMiO7Y6jZJ43ZLDmrAQ\"]}]}<\/script>\n<!-- \/ Yoast SEO plugin. -->","yoast_head_json":{"title":"Wie is de Belgische Ballonvaartclub?","description":"Le Belgian Balloon Club est une ASBL qui a \u00e9t\u00e9 cr\u00e9\u00e9e en 1979. Il a pour but d'ouvrir le sport a\u00e9rostatique au plus grand nombre.","robots":{"index":"index","follow":"follow","max-snippet":"max-snippet:-1","max-image-preview":"max-image-preview:large","max-video-preview":"max-video-preview:-1"},"canonical":"https:\/\/belgianballoonclub.be\/nl\/over-ons\/","og_locale":"nl_NL","og_type":"article","og_title":"Wie is de Belgische Ballonvaartclub?","og_description":"Le Belgian Balloon Club est une ASBL qui a \u00e9t\u00e9 cr\u00e9\u00e9e en 1979. Il a pour but d'ouvrir le sport a\u00e9rostatique au plus grand nombre.","og_url":"https:\/\/belgianballoonclub.be\/nl\/over-ons\/","og_site_name":"Belgian Balloon Club","article_publisher":"https:\/\/www.facebook.com\/belgianballoonclub","article_modified_time":"2025-08-02T17:26:23+00:00","og_image":[{"width":1654,"height":1063,"url":"https:\/\/belgianballoonclub.be\/wp-content\/uploads\/2017\/12\/Logo-BBC.jpg","type":"image\/jpeg"}],"twitter_misc":{"Geschatte leestijd":"1 minute"},"schema":{"@context":"https:\/\/schema.org","@graph":[{"@type":"WebPage","@id":"https:\/\/belgianballoonclub.be\/nl\/over-ons\/","url":"https:\/\/belgianballoonclub.be\/nl\/over-ons\/","name":"Wie is de Belgische Ballonvaartclub?","isPartOf":{"@id":"https:\/\/belgianballoonclub.be\/#website"},"datePublished":"2016-10-05T09:17:54+00:00","dateModified":"2025-08-02T17:26:23+00:00","description":"Le Belgian Balloon Club est une ASBL qui a \u00e9t\u00e9 cr\u00e9\u00e9e en 1979. Il a pour but d'ouvrir le sport a\u00e9rostatique au plus grand nombre.","breadcrumb":{"@id":"https:\/\/belgianballoonclub.be\/nl\/over-ons\/#breadcrumb"},"inLanguage":"fr-FR","potentialAction":[{"@type":"ReadAction","target":["https:\/\/belgianballoonclub.be\/nl\/over-ons\/"]}]},{"@type":"BreadcrumbList","@id":"https:\/\/belgianballoonclub.be\/nl\/over-ons\/#breadcrumb","itemListElement":[{"@type":"ListItem","position":1,"name":"Start","item":"https:\/\/belgianballoonclub.be\/nl\/"},{"@type":"ListItem","position":2,"name":"Over ons"}]},{"@type":"WebSite","@id":"https:\/\/belgianballoonclub.be\/#website","url":"https:\/\/belgianballoonclub.be\/","name":"Belgian Balloon Club","description":"Fly for fun","publisher":{"@id":"https:\/\/belgianballoonclub.be\/#organization"},"potentialAction":[{"@type":"SearchAction","target":{"@type":"EntryPoint","urlTemplate":"https:\/\/belgianballoonclub.be\/?s={search_term_string}"},"query-input":{"@type":"PropertyValueSpecification","valueRequired":true,"valueName":"search_term_string"}}],"inLanguage":"fr-FR"},{"@type":"Organization","@id":"https:\/\/belgianballoonclub.be\/#organization","name":"Belgian Balloon Club","url":"https:\/\/belgianballoonclub.be\/","logo":{"@type":"ImageObject","inLanguage":"fr-FR","@id":"https:\/\/belgianballoonclub.be\/#\/schema\/logo\/image\/","url":"https:\/\/belgianballoonclub.be\/wp-content\/uploads\/2017\/12\/Logo-BBC.jpg","contentUrl":"https:\/\/belgianballoonclub.be\/wp-content\/uploads\/2017\/12\/Logo-BBC.jpg","width":1654,"height":1063,"caption":"Belgian Balloon Club"},"image":{"@id":"https:\/\/belgianballoonclub.be\/#\/schema\/logo\/image\/"},"sameAs":["https:\/\/www.facebook.com\/belgianballoonclub","https:\/\/www.youtube.com\/channel\/UCqPRPMiO7Y6jZJ43ZLDmrAQ"]}]}},"_links":{"self":[{"href":"https:\/\/belgianballoonclub.be\/nl\/wp-json\/wp\/v2\/pages\/3338","targetHints":{"allow":["GET"]}}],"collection":[{"href":"https:\/\/belgianballoonclub.be\/nl\/wp-json\/wp\/v2\/pages"}],"about":[{"href":"https:\/\/belgianballoonclub.be\/nl\/wp-json\/wp\/v2\/types\/page"}],"author":[{"embeddable":true,"href":"https:\/\/belgianballoonclub.be\/nl\/wp-json\/wp\/v2\/users\/1"}],"replies":[{"embeddable":true,"href":"https:\/\/belgianballoonclub.be\/nl\/wp-json\/wp\/v2\/comments?post=3338"}],"version-history":[{"count":1,"href":"https:\/\/belgianballoonclub.be\/nl\/wp-json\/wp\/v2\/pages\/3338\/revisions"}],"predecessor-version":[{"id":3339,"href":"https:\/\/belgianballoonclub.be\/nl\/wp-json\/wp\/v2\/pages\/3338\/revisions\/3339"}],"wp:attachment":[{"href":"https:\/\/belgianballoonclub.be\/nl\/wp-json\/wp\/v2\/media?parent=3338"}],"curies":[{"name":"wp","href":"https:\/\/api.w.org\/{rel}","templated":true}]}}