{"id":3331,"date":"2020-05-13T15:43:04","date_gmt":"2020-05-13T14:43:04","guid":{"rendered":"https:\/\/belgianballoonclub.be\/privacybeleid\/"},"modified":"2025-08-02T18:28:03","modified_gmt":"2025-08-02T17:28:03","slug":"privacybeleid","status":"publish","type":"page","link":"https:\/\/belgianballoonclub.be\/nl\/privacybeleid\/","title":{"rendered":"Privacybeleid"},"content":{"rendered":"<h2 class=\"wp-block-heading\">Wie zijn wij?<\/h2><p>Ons websiteadres is: http: <a href=\"https:\/\/belgianballoonclub.be\/nl\/\">\/\/belgianballoonclub.be.<\/a><br \/>Geregistreerd onder bedrijfsnummer: 419497680<\/p><p>De Belgische Ballonclub VZW werd in 1979 opgericht door een handvol ballonvaarders. In 2019 bestond de Belgische Ballonclub 40 jaar.  We hebben 15 heteluchtballonnen. We hebben ook een op afstand bestuurbare mini-luchtballon. Die blazen we op tijdens bepaalde bijeenkomsten.  <\/p><p>Het doel van de VZW is om luchtvaart te promoten. Ons hoofdkantoor is in Namen. Maar we vliegen over heel Belgi\u00eb.  <\/p><h2 class=\"wp-block-heading\">Gebruik van verzamelde persoonlijke gegevens<\/h2><h3 class=\"wp-block-heading\">Reacties<\/h3><p>Wanneer u een reactie achterlaat op onze website, worden de gegevens die u hebt ingevuld in het reactieformulier, uw IP-adres en de user-agent van uw browser verzameld om ons te helpen ongewenste reacties op te sporen.<\/p><p>Een geanonimiseerde tekenreeks die is gemaakt van je e-mailadres (ook bekend als een hash) kan naar de Gravatar-service worden verzonden om te controleren of je deze gebruikt. De geheimhoudingsclausules van de <a href=\"https:\/\/automattic.com\/privacy\/\">Gravatar-service zijn hier beschikbaar<\/a>. Zodra je commentaar is gevalideerd, zal je profielfoto publiekelijk zichtbaar zijn naast je commentaar. Jij beheert je profiel via de Gravatar-service.   <\/p><h3 class=\"wp-block-heading\">Media<\/h3><p>Als u afbeeldingen uploadt naar de website, raden wij u aan om geen afbeeldingen te uploaden die GPS-co\u00f6rdinaten bevatten. Bezoekers van uw website zouden locatiegegevens van deze afbeeldingen kunnen downloaden en extraheren. <\/p><h3 class=\"wp-block-heading\">Contactformulieren<\/h3><p>We hebben een aantal contactformulieren op onze site:<\/p><ul class=\"wp-block-list\"><li><a href=\"https:\/\/belgianballoonclub.be\/voler-avec-nous\/\">Vlieg met ons mee<\/a><\/li>\n\n<li><a href=\"https:\/\/belgianballoonclub.be\/contacter\/\">Contact Pagina<\/a><\/li>\n\n<li><a href=\"https:\/\/belgianballoonclub.be\/stem#contact\" target=\"_blank\" rel=\"noreferrer noopener\">STEM &#8211; Contact<\/a><\/li><\/ul><p>Voor elk van deze gegevens dient u te bevestigen dat u kennis heeft genomen van dit reglement. De Belgian Balloon Club verbindt zich ertoe deze gegevens met de grootste zorg te behandelen en uitsluitend in het kader van het genoemde formulier. <\/p><p>De gegevens uit deze formulieren worden gebruikt om aan uw vluchtwensen te voldoen<a href=\"https:\/\/belgianballoonclub.be\/voler-avec-nous\/\">(Fly with us<\/a>) of om uw vragen te beantwoorden<a href=\"https:\/\/belgianballoonclub.be\/contacter\/\">(contactpagina<\/a>).  <\/p><h3 class=\"wp-block-heading\">Cookies<\/h3><p>Als u een reactie achterlaat op onze site, wordt u gevraagd om uw naam, e-mailadres en website op te slaan in cookies. Dit is puur voor uw gemak, zodat u deze informatie niet opnieuw hoeft in te voeren als u later nog eens een reactie achterlaat. Deze cookies verlopen na een jaar.  <\/p><p>Als u een account hebt en inlogt op deze site, wordt er een tijdelijk cookie aangemaakt om te bepalen of uw browser cookies accepteert. Het bevat geen persoonlijke gegevens en wordt automatisch verwijderd wanneer u uw browser afsluit. <\/p><p>Wanneer u inlogt, stellen we een aantal cookies in om uw inloggegevens en schermvoorkeuren vast te leggen. De levensduur van een verbindingscookie is twee dagen, die van een schermoptiecookie is een jaar. Als u \u00ab\u00a0Onthoud mij\u00a0\u00bb aanvinkt, wordt uw verbindingscookie twee weken bewaard. Als u zich afmeldt bij uw account, wordt de aanmeldingscookie verwijderd.   <\/p><p>Wanneer u een artikel aanpast of publiceert, wordt er een extra cookie opgeslagen in uw browser. Deze cookie bevat geen persoonlijke gegevens.  Het geeft gewoon de identificatie aan van het item dat je zojuist hebt gewijzigd. Deze verloopt na \u00e9\u00e9n dag.<\/p><h3 class=\"wp-block-heading\">Ingebedde inhoud van andere sites<\/h3><p>Artikelen op deze site kunnen ingesloten inhoud bevatten (bijv. video&rsquo;s, afbeeldingen, artikelen, enz.). Inhoud ge\u00efntegreerd van andere sites gedraagt zich op dezelfde manier alsof de bezoeker die andere site bezoekt.<\/p><p>Deze websites kunnen gegevens over u verzamelen, cookies gebruiken, trackingtools van derden insluiten en uw interacties met deze ingesloten inhoud bijhouden als u een account hebt op hun website.<\/p><h3 class=\"wp-block-heading\">Vlieg met ons mee<\/h3><p>Als u met ons vliegt, wordt u om enkele persoonlijke gegevens gevraagd om de veiligheid van uw vlucht te garanderen.<\/p><h2 class=\"wp-block-heading\">Bewaartermijnen voor uw gegevens<\/h2><p>Als je een opmerking achterlaat, worden de opmerking en de metagegevens voor onbepaalde tijd bewaard. Hierdoor worden latere opmerkingen automatisch herkend en goedgekeurd in plaats van dat ze in de wachtrij voor moderatie blijven staan.<\/p><p>Als je een vlucht maakt in een van onze ballonnen, worden de gegevens die je verstrekt 3 maanden bewaard. Je factuurgegevens worden 10 jaar bewaard.<\/p><h2 class=\"wp-block-heading\">De rechten die u hebt over uw gegevens<\/h2><p>Als u met ons hebt gevlogen of opmerkingen op de site hebt achtergelaten, kunt u vragen om een bestand te ontvangen met alle persoonlijke gegevens die wij over u hebben, inclusief de gegevens die u aan ons hebt verstrekt. U kunt ook vragen om uw persoonlijke gegevens te verwijderen. Hieronder vallen geen gegevens die worden opgeslagen voor administratieve, juridische of beveiligingsdoeleinden.<\/p><h2 class=\"wp-block-heading\">Overdracht van uw persoonlijke gegevens<\/h2><p>Reacties van bezoekers worden gecontroleerd met behulp van een geautomatiseerde service om ongewenste reacties te detecteren.<\/p><h3 class=\"wp-block-heading\">Geautomatiseerde marketingactiviteiten<\/h3><p>De gegevens die u in onze formulieren invoert, vereisen uw goedkeuring voordat ze worden gebruikt in onze e-mailmarketing. Als je je ooit wilt afmelden voor deze e-mails, staat er een link in elke e-mail.<\/p><h3 class=\"wp-block-heading\">Statistieken<\/h3><p>Als u cookies accepteert op onze site, gebruiken we uw gegevens anoniem voor statistische doeleinden.<\/p><h3 class=\"wp-block-heading\">Overdracht van informatie tegen betaling<\/h3><p>In geen geval zal de Belgische ballonclub je gegevens doorverkopen of het gebruik van je gegevens voor eigen commerci\u00eble doeleinden toestaan.<\/p><h3 class=\"wp-block-heading\">Onderaanneming<\/h3><p>Als uw vlucht wordt uitbesteed, brengen we u daarvan per e-mail op de hoogte. De gegevens die specifiek betrekking hebben op uw vlucht worden doorgegeven aan onze onderaannemer. Je kunt onderaanneming altijd weigeren.<\/p><h2 class=\"wp-block-heading\">\u00ab\u00a0STEM op hoogte<\/h2><p><a href=\"https:\/\/belgianballoonclub.be\/stem\">STEM en Altitude<\/a>\u00a0\u00bb van Belgian Balloon Club is een project dat gericht is op scholen in de gemeenschap Walloni\u00eb-Brussel in Belgi\u00eb. Als project van de Belgische ballonclub voldoet het aan dezelfde eisen als dit vertrouwelijkheidsbeleid.<\/p><h3 class=\"wp-block-heading\">Nieuwsbrief<\/h3><p>Als je er in het kader van het project \u00ab\u00a0STEM en Hoogte\u00a0\u00bb mee akkoord gaat om op de hoogte gehouden te worden, zal de tijd tussen twee nieuwsbrieven niet korter zijn dan 15 dagen.<\/p><h1 class=\"wp-block-heading\">Uw toestemming voor cookies intrekken<\/h1><a href=\"#\" class=\"cn-revoke-cookie cn-button-inline cn-revoke-inline\" title=\"Toestemming intrekken\">Toestemming intrekken<\/a>","protected":false},"excerpt":{"rendered":"<p>Wie zijn wij? Ons websiteadres is: http: \/\/belgianballoonclub.be.Geregistreerd onder bedrijfsnummer: 419497680 De Belgische Ballonclub VZW werd in 1979 opgericht door [&hellip;]<\/p>\n","protected":false},"author":1,"featured_media":0,"parent":0,"menu_order":0,"comment_status":"closed","ping_status":"closed","template":"","meta":{"footnotes":""},"class_list":["post-3331","page","type-page","status-publish","hentry"],"yoast_head":"<!-- This site is optimized with the Yoast SEO plugin v27.4 - https:\/\/yoast.com\/product\/yoast-seo-wordpress\/ -->\n<title>Belgian Balloon Club - Privacybeleid<\/title>\n<meta name=\"description\" content=\"Le Belgian Balloon Club est une ASBL qui a \u00e9t\u00e9 cr\u00e9\u00e9e en 1979. Il a pour but d&#039;ouvrir le sport a\u00e9rostatique au plus grand nombre.\" \/>\n<meta name=\"robots\" content=\"index, follow, max-snippet:-1, max-image-preview:large, max-video-preview:-1\" \/>\n<link rel=\"canonical\" href=\"https:\/\/belgianballoonclub.be\/nl\/privacybeleid\/\" \/>\n<meta property=\"og:locale\" content=\"nl_NL\" \/>\n<meta property=\"og:type\" content=\"article\" \/>\n<meta property=\"og:title\" content=\"Belgian Balloon Club - Privacybeleid\" \/>\n<meta property=\"og:description\" content=\"Le Belgian Balloon Club est une ASBL qui a \u00e9t\u00e9 cr\u00e9\u00e9e en 1979. Il a pour but d&#039;ouvrir le sport a\u00e9rostatique au plus grand nombre.\" \/>\n<meta property=\"og:url\" content=\"https:\/\/belgianballoonclub.be\/nl\/privacybeleid\/\" \/>\n<meta property=\"og:site_name\" content=\"Belgian Balloon Club\" \/>\n<meta property=\"article:publisher\" content=\"https:\/\/www.facebook.com\/belgianballoonclub\" \/>\n<meta property=\"article:modified_time\" content=\"2025-08-02T17:28:03+00:00\" \/>\n<meta property=\"og:image\" content=\"https:\/\/belgianballoonclub.be\/wp-content\/uploads\/2017\/12\/Logo-BBC.jpg\" \/>\n\t<meta property=\"og:image:width\" content=\"1654\" \/>\n\t<meta property=\"og:image:height\" content=\"1063\" \/>\n\t<meta property=\"og:image:type\" content=\"image\/jpeg\" \/>\n<meta name=\"twitter:label1\" content=\"Geschatte leestijd\" \/>\n\t<meta name=\"twitter:data1\" content=\"5 minutes\" \/>\n<script type=\"application\/ld+json\" class=\"yoast-schema-graph\">{\"@context\":\"https:\\\/\\\/schema.org\",\"@graph\":[{\"@type\":\"WebPage\",\"@id\":\"https:\\\/\\\/belgianballoonclub.be\\\/nl\\\/privacybeleid\\\/\",\"url\":\"https:\\\/\\\/belgianballoonclub.be\\\/nl\\\/privacybeleid\\\/\",\"name\":\"Belgian Balloon Club - Privacybeleid\",\"isPartOf\":{\"@id\":\"https:\\\/\\\/belgianballoonclub.be\\\/#website\"},\"datePublished\":\"2020-05-13T14:43:04+00:00\",\"dateModified\":\"2025-08-02T17:28:03+00:00\",\"description\":\"Le Belgian Balloon Club est une ASBL qui a \u00e9t\u00e9 cr\u00e9\u00e9e en 1979. Il a pour but d'ouvrir le sport a\u00e9rostatique au plus grand nombre.\",\"breadcrumb\":{\"@id\":\"https:\\\/\\\/belgianballoonclub.be\\\/nl\\\/privacybeleid\\\/#breadcrumb\"},\"inLanguage\":\"fr-FR\",\"potentialAction\":[{\"@type\":\"ReadAction\",\"target\":[\"https:\\\/\\\/belgianballoonclub.be\\\/nl\\\/privacybeleid\\\/\"]}]},{\"@type\":\"BreadcrumbList\",\"@id\":\"https:\\\/\\\/belgianballoonclub.be\\\/nl\\\/privacybeleid\\\/#breadcrumb\",\"itemListElement\":[{\"@type\":\"ListItem\",\"position\":1,\"name\":\"Start\",\"item\":\"https:\\\/\\\/belgianballoonclub.be\\\/nl\\\/\"},{\"@type\":\"ListItem\",\"position\":2,\"name\":\"Privacybeleid\"}]},{\"@type\":\"WebSite\",\"@id\":\"https:\\\/\\\/belgianballoonclub.be\\\/#website\",\"url\":\"https:\\\/\\\/belgianballoonclub.be\\\/\",\"name\":\"Belgian Balloon Club\",\"description\":\"Fly for fun\",\"publisher\":{\"@id\":\"https:\\\/\\\/belgianballoonclub.be\\\/#organization\"},\"potentialAction\":[{\"@type\":\"SearchAction\",\"target\":{\"@type\":\"EntryPoint\",\"urlTemplate\":\"https:\\\/\\\/belgianballoonclub.be\\\/?s={search_term_string}\"},\"query-input\":{\"@type\":\"PropertyValueSpecification\",\"valueRequired\":true,\"valueName\":\"search_term_string\"}}],\"inLanguage\":\"fr-FR\"},{\"@type\":\"Organization\",\"@id\":\"https:\\\/\\\/belgianballoonclub.be\\\/#organization\",\"name\":\"Belgian Balloon Club\",\"url\":\"https:\\\/\\\/belgianballoonclub.be\\\/\",\"logo\":{\"@type\":\"ImageObject\",\"inLanguage\":\"fr-FR\",\"@id\":\"https:\\\/\\\/belgianballoonclub.be\\\/#\\\/schema\\\/logo\\\/image\\\/\",\"url\":\"https:\\\/\\\/belgianballoonclub.be\\\/wp-content\\\/uploads\\\/2017\\\/12\\\/Logo-BBC.jpg\",\"contentUrl\":\"https:\\\/\\\/belgianballoonclub.be\\\/wp-content\\\/uploads\\\/2017\\\/12\\\/Logo-BBC.jpg\",\"width\":1654,\"height\":1063,\"caption\":\"Belgian Balloon Club\"},\"image\":{\"@id\":\"https:\\\/\\\/belgianballoonclub.be\\\/#\\\/schema\\\/logo\\\/image\\\/\"},\"sameAs\":[\"https:\\\/\\\/www.facebook.com\\\/belgianballoonclub\",\"https:\\\/\\\/www.youtube.com\\\/channel\\\/UCqPRPMiO7Y6jZJ43ZLDmrAQ\"]}]}<\/script>\n<!-- \/ Yoast SEO plugin. -->","yoast_head_json":{"title":"Belgian Balloon Club - Privacybeleid","description":"Le Belgian Balloon Club est une ASBL qui a \u00e9t\u00e9 cr\u00e9\u00e9e en 1979. Il a pour but d'ouvrir le sport a\u00e9rostatique au plus grand nombre.","robots":{"index":"index","follow":"follow","max-snippet":"max-snippet:-1","max-image-preview":"max-image-preview:large","max-video-preview":"max-video-preview:-1"},"canonical":"https:\/\/belgianballoonclub.be\/nl\/privacybeleid\/","og_locale":"nl_NL","og_type":"article","og_title":"Belgian Balloon Club - Privacybeleid","og_description":"Le Belgian Balloon Club est une ASBL qui a \u00e9t\u00e9 cr\u00e9\u00e9e en 1979. Il a pour but d'ouvrir le sport a\u00e9rostatique au plus grand nombre.","og_url":"https:\/\/belgianballoonclub.be\/nl\/privacybeleid\/","og_site_name":"Belgian Balloon Club","article_publisher":"https:\/\/www.facebook.com\/belgianballoonclub","article_modified_time":"2025-08-02T17:28:03+00:00","og_image":[{"width":1654,"height":1063,"url":"https:\/\/belgianballoonclub.be\/wp-content\/uploads\/2017\/12\/Logo-BBC.jpg","type":"image\/jpeg"}],"twitter_misc":{"Geschatte leestijd":"5 minutes"},"schema":{"@context":"https:\/\/schema.org","@graph":[{"@type":"WebPage","@id":"https:\/\/belgianballoonclub.be\/nl\/privacybeleid\/","url":"https:\/\/belgianballoonclub.be\/nl\/privacybeleid\/","name":"Belgian Balloon Club - Privacybeleid","isPartOf":{"@id":"https:\/\/belgianballoonclub.be\/#website"},"datePublished":"2020-05-13T14:43:04+00:00","dateModified":"2025-08-02T17:28:03+00:00","description":"Le Belgian Balloon Club est une ASBL qui a \u00e9t\u00e9 cr\u00e9\u00e9e en 1979. Il a pour but d'ouvrir le sport a\u00e9rostatique au plus grand nombre.","breadcrumb":{"@id":"https:\/\/belgianballoonclub.be\/nl\/privacybeleid\/#breadcrumb"},"inLanguage":"fr-FR","potentialAction":[{"@type":"ReadAction","target":["https:\/\/belgianballoonclub.be\/nl\/privacybeleid\/"]}]},{"@type":"BreadcrumbList","@id":"https:\/\/belgianballoonclub.be\/nl\/privacybeleid\/#breadcrumb","itemListElement":[{"@type":"ListItem","position":1,"name":"Start","item":"https:\/\/belgianballoonclub.be\/nl\/"},{"@type":"ListItem","position":2,"name":"Privacybeleid"}]},{"@type":"WebSite","@id":"https:\/\/belgianballoonclub.be\/#website","url":"https:\/\/belgianballoonclub.be\/","name":"Belgian Balloon Club","description":"Fly for fun","publisher":{"@id":"https:\/\/belgianballoonclub.be\/#organization"},"potentialAction":[{"@type":"SearchAction","target":{"@type":"EntryPoint","urlTemplate":"https:\/\/belgianballoonclub.be\/?s={search_term_string}"},"query-input":{"@type":"PropertyValueSpecification","valueRequired":true,"valueName":"search_term_string"}}],"inLanguage":"fr-FR"},{"@type":"Organization","@id":"https:\/\/belgianballoonclub.be\/#organization","name":"Belgian Balloon Club","url":"https:\/\/belgianballoonclub.be\/","logo":{"@type":"ImageObject","inLanguage":"fr-FR","@id":"https:\/\/belgianballoonclub.be\/#\/schema\/logo\/image\/","url":"https:\/\/belgianballoonclub.be\/wp-content\/uploads\/2017\/12\/Logo-BBC.jpg","contentUrl":"https:\/\/belgianballoonclub.be\/wp-content\/uploads\/2017\/12\/Logo-BBC.jpg","width":1654,"height":1063,"caption":"Belgian Balloon Club"},"image":{"@id":"https:\/\/belgianballoonclub.be\/#\/schema\/logo\/image\/"},"sameAs":["https:\/\/www.facebook.com\/belgianballoonclub","https:\/\/www.youtube.com\/channel\/UCqPRPMiO7Y6jZJ43ZLDmrAQ"]}]}},"_links":{"self":[{"href":"https:\/\/belgianballoonclub.be\/nl\/wp-json\/wp\/v2\/pages\/3331","targetHints":{"allow":["GET"]}}],"collection":[{"href":"https:\/\/belgianballoonclub.be\/nl\/wp-json\/wp\/v2\/pages"}],"about":[{"href":"https:\/\/belgianballoonclub.be\/nl\/wp-json\/wp\/v2\/types\/page"}],"author":[{"embeddable":true,"href":"https:\/\/belgianballoonclub.be\/nl\/wp-json\/wp\/v2\/users\/1"}],"replies":[{"embeddable":true,"href":"https:\/\/belgianballoonclub.be\/nl\/wp-json\/wp\/v2\/comments?post=3331"}],"version-history":[{"count":2,"href":"https:\/\/belgianballoonclub.be\/nl\/wp-json\/wp\/v2\/pages\/3331\/revisions"}],"predecessor-version":[{"id":3731,"href":"https:\/\/belgianballoonclub.be\/nl\/wp-json\/wp\/v2\/pages\/3331\/revisions\/3731"}],"wp:attachment":[{"href":"https:\/\/belgianballoonclub.be\/nl\/wp-json\/wp\/v2\/media?parent=3331"}],"curies":[{"name":"wp","href":"https:\/\/api.w.org\/{rel}","templated":true}]}}