{"id":3610,"date":"2020-05-13T15:43:04","date_gmt":"2020-05-13T14:43:04","guid":{"rendered":"https:\/\/belgianballoonclub.be\/basket\/"},"modified":"2020-05-13T15:43:04","modified_gmt":"2020-05-13T14:43:04","slug":"basket","status":"publish","type":"page","link":"https:\/\/belgianballoonclub.be\/en\/basket\/","title":{"rendered":"Basket"},"content":{"rendered":"<div id=\"pl-3610\"  class=\"panel-layout\" ><div id=\"pg-3610-0\"  class=\"panel-grid panel-no-style\" ><div id=\"pgc-3610-0-0\"  class=\"panel-grid-cell\" ><div id=\"panel-3610-0-0-0\" class=\"widget_text so-panel widget widget_custom_html panel-first-child panel-last-child\" data-index=\"0\" ><div class=\"textwidget custom-html-widget\"><\/div><\/div><\/div><\/div><\/div>","protected":false},"excerpt":{"rendered":"","protected":false},"author":1,"featured_media":0,"parent":0,"menu_order":0,"comment_status":"closed","ping_status":"closed","template":"","meta":{"footnotes":""},"class_list":["post-3610","page","type-page","status-publish","hentry"],"yoast_head":"<!-- This site is optimized with the Yoast SEO plugin v27.4 - https:\/\/yoast.com\/product\/yoast-seo-wordpress\/ -->\n<title>Belgian balloon club - Basket<\/title>\n<meta name=\"description\" content=\"Le Belgian Balloon Club est une ASBL qui a \u00e9t\u00e9 cr\u00e9\u00e9e en 1979. Il a pour but d&#039;ouvrir le sport a\u00e9rostatique au plus grand nombre.\" \/>\n<meta name=\"robots\" content=\"index, follow, max-snippet:-1, max-image-preview:large, max-video-preview:-1\" \/>\n<link rel=\"canonical\" href=\"https:\/\/belgianballoonclub.be\/basket\/\" \/>\n<meta property=\"og:locale\" content=\"en_US\" \/>\n<meta property=\"og:type\" content=\"article\" \/>\n<meta property=\"og:title\" content=\"Belgian balloon club - Basket\" \/>\n<meta property=\"og:description\" content=\"Le Belgian Balloon Club est une ASBL qui a \u00e9t\u00e9 cr\u00e9\u00e9e en 1979. Il a pour but d&#039;ouvrir le sport a\u00e9rostatique au plus grand nombre.\" \/>\n<meta property=\"og:url\" content=\"https:\/\/belgianballoonclub.be\/basket\/\" \/>\n<meta property=\"og:site_name\" content=\"Belgian balloon club\" \/>\n<meta property=\"article:publisher\" content=\"https:\/\/www.facebook.com\/belgianballoonclub\" \/>\n<meta property=\"og:image\" content=\"https:\/\/belgianballoonclub.be\/wp-content\/uploads\/2017\/12\/Logo-BBC.jpg\" \/>\n\t<meta property=\"og:image:width\" content=\"1654\" \/>\n\t<meta property=\"og:image:height\" content=\"1063\" \/>\n\t<meta property=\"og:image:type\" content=\"image\/jpeg\" \/>\n<script type=\"application\/ld+json\" class=\"yoast-schema-graph\">{\"@context\":\"https:\\\/\\\/schema.org\",\"@graph\":[{\"@type\":\"WebPage\",\"@id\":\"https:\\\/\\\/belgianballoonclub.be\\\/basket\\\/\",\"url\":\"https:\\\/\\\/belgianballoonclub.be\\\/basket\\\/\",\"name\":\"Belgian balloon club - Basket\",\"isPartOf\":{\"@id\":\"https:\\\/\\\/belgianballoonclub.be\\\/#website\"},\"datePublished\":\"2020-05-13T14:43:04+00:00\",\"description\":\"Le Belgian Balloon Club est une ASBL qui a \u00e9t\u00e9 cr\u00e9\u00e9e en 1979. Il a pour but d'ouvrir le sport a\u00e9rostatique au plus grand nombre.\",\"breadcrumb\":{\"@id\":\"https:\\\/\\\/belgianballoonclub.be\\\/basket\\\/#breadcrumb\"},\"inLanguage\":\"fr-FR\",\"potentialAction\":[{\"@type\":\"ReadAction\",\"target\":[\"https:\\\/\\\/belgianballoonclub.be\\\/basket\\\/\"]}]},{\"@type\":\"BreadcrumbList\",\"@id\":\"https:\\\/\\\/belgianballoonclub.be\\\/basket\\\/#breadcrumb\",\"itemListElement\":[{\"@type\":\"ListItem\",\"position\":1,\"name\":\"Accueil\",\"item\":\"https:\\\/\\\/belgianballoonclub.be\\\/en\\\/\"},{\"@type\":\"ListItem\",\"position\":2,\"name\":\"Basket\"}]},{\"@type\":\"WebSite\",\"@id\":\"https:\\\/\\\/belgianballoonclub.be\\\/#website\",\"url\":\"https:\\\/\\\/belgianballoonclub.be\\\/\",\"name\":\"Belgian balloon club\",\"description\":\"Fly for fun\",\"publisher\":{\"@id\":\"https:\\\/\\\/belgianballoonclub.be\\\/#organization\"},\"potentialAction\":[{\"@type\":\"SearchAction\",\"target\":{\"@type\":\"EntryPoint\",\"urlTemplate\":\"https:\\\/\\\/belgianballoonclub.be\\\/?s={search_term_string}\"},\"query-input\":{\"@type\":\"PropertyValueSpecification\",\"valueRequired\":true,\"valueName\":\"search_term_string\"}}],\"inLanguage\":\"fr-FR\"},{\"@type\":\"Organization\",\"@id\":\"https:\\\/\\\/belgianballoonclub.be\\\/#organization\",\"name\":\"Belgian balloon club\",\"url\":\"https:\\\/\\\/belgianballoonclub.be\\\/\",\"logo\":{\"@type\":\"ImageObject\",\"inLanguage\":\"fr-FR\",\"@id\":\"https:\\\/\\\/belgianballoonclub.be\\\/#\\\/schema\\\/logo\\\/image\\\/\",\"url\":\"https:\\\/\\\/belgianballoonclub.be\\\/wp-content\\\/uploads\\\/2017\\\/12\\\/Logo-BBC.jpg\",\"contentUrl\":\"https:\\\/\\\/belgianballoonclub.be\\\/wp-content\\\/uploads\\\/2017\\\/12\\\/Logo-BBC.jpg\",\"width\":1654,\"height\":1063,\"caption\":\"Belgian balloon club\"},\"image\":{\"@id\":\"https:\\\/\\\/belgianballoonclub.be\\\/#\\\/schema\\\/logo\\\/image\\\/\"},\"sameAs\":[\"https:\\\/\\\/www.facebook.com\\\/belgianballoonclub\",\"https:\\\/\\\/www.youtube.com\\\/channel\\\/UCqPRPMiO7Y6jZJ43ZLDmrAQ\"]}]}<\/script>\n<!-- \/ Yoast SEO plugin. -->","yoast_head_json":{"title":"Belgian balloon club - Basket","description":"Le Belgian Balloon Club est une ASBL qui a \u00e9t\u00e9 cr\u00e9\u00e9e en 1979. Il a pour but d'ouvrir le sport a\u00e9rostatique au plus grand nombre.","robots":{"index":"index","follow":"follow","max-snippet":"max-snippet:-1","max-image-preview":"max-image-preview:large","max-video-preview":"max-video-preview:-1"},"canonical":"https:\/\/belgianballoonclub.be\/basket\/","og_locale":"en_US","og_type":"article","og_title":"Belgian balloon club - Basket","og_description":"Le Belgian Balloon Club est une ASBL qui a \u00e9t\u00e9 cr\u00e9\u00e9e en 1979. Il a pour but d'ouvrir le sport a\u00e9rostatique au plus grand nombre.","og_url":"https:\/\/belgianballoonclub.be\/basket\/","og_site_name":"Belgian balloon club","article_publisher":"https:\/\/www.facebook.com\/belgianballoonclub","og_image":[{"width":1654,"height":1063,"url":"https:\/\/belgianballoonclub.be\/wp-content\/uploads\/2017\/12\/Logo-BBC.jpg","type":"image\/jpeg"}],"schema":{"@context":"https:\/\/schema.org","@graph":[{"@type":"WebPage","@id":"https:\/\/belgianballoonclub.be\/basket\/","url":"https:\/\/belgianballoonclub.be\/basket\/","name":"Belgian balloon club - Basket","isPartOf":{"@id":"https:\/\/belgianballoonclub.be\/#website"},"datePublished":"2020-05-13T14:43:04+00:00","description":"Le Belgian Balloon Club est une ASBL qui a \u00e9t\u00e9 cr\u00e9\u00e9e en 1979. Il a pour but d'ouvrir le sport a\u00e9rostatique au plus grand nombre.","breadcrumb":{"@id":"https:\/\/belgianballoonclub.be\/basket\/#breadcrumb"},"inLanguage":"fr-FR","potentialAction":[{"@type":"ReadAction","target":["https:\/\/belgianballoonclub.be\/basket\/"]}]},{"@type":"BreadcrumbList","@id":"https:\/\/belgianballoonclub.be\/basket\/#breadcrumb","itemListElement":[{"@type":"ListItem","position":1,"name":"Accueil","item":"https:\/\/belgianballoonclub.be\/en\/"},{"@type":"ListItem","position":2,"name":"Basket"}]},{"@type":"WebSite","@id":"https:\/\/belgianballoonclub.be\/#website","url":"https:\/\/belgianballoonclub.be\/","name":"Belgian balloon club","description":"Fly for fun","publisher":{"@id":"https:\/\/belgianballoonclub.be\/#organization"},"potentialAction":[{"@type":"SearchAction","target":{"@type":"EntryPoint","urlTemplate":"https:\/\/belgianballoonclub.be\/?s={search_term_string}"},"query-input":{"@type":"PropertyValueSpecification","valueRequired":true,"valueName":"search_term_string"}}],"inLanguage":"fr-FR"},{"@type":"Organization","@id":"https:\/\/belgianballoonclub.be\/#organization","name":"Belgian balloon club","url":"https:\/\/belgianballoonclub.be\/","logo":{"@type":"ImageObject","inLanguage":"fr-FR","@id":"https:\/\/belgianballoonclub.be\/#\/schema\/logo\/image\/","url":"https:\/\/belgianballoonclub.be\/wp-content\/uploads\/2017\/12\/Logo-BBC.jpg","contentUrl":"https:\/\/belgianballoonclub.be\/wp-content\/uploads\/2017\/12\/Logo-BBC.jpg","width":1654,"height":1063,"caption":"Belgian balloon club"},"image":{"@id":"https:\/\/belgianballoonclub.be\/#\/schema\/logo\/image\/"},"sameAs":["https:\/\/www.facebook.com\/belgianballoonclub","https:\/\/www.youtube.com\/channel\/UCqPRPMiO7Y6jZJ43ZLDmrAQ"]}]}},"_links":{"self":[{"href":"https:\/\/belgianballoonclub.be\/en\/wp-json\/wp\/v2\/pages\/3610","targetHints":{"allow":["GET"]}}],"collection":[{"href":"https:\/\/belgianballoonclub.be\/en\/wp-json\/wp\/v2\/pages"}],"about":[{"href":"https:\/\/belgianballoonclub.be\/en\/wp-json\/wp\/v2\/types\/page"}],"author":[{"embeddable":true,"href":"https:\/\/belgianballoonclub.be\/en\/wp-json\/wp\/v2\/users\/1"}],"replies":[{"embeddable":true,"href":"https:\/\/belgianballoonclub.be\/en\/wp-json\/wp\/v2\/comments?post=3610"}],"version-history":[{"count":0,"href":"https:\/\/belgianballoonclub.be\/en\/wp-json\/wp\/v2\/pages\/3610\/revisions"}],"wp:attachment":[{"href":"https:\/\/belgianballoonclub.be\/en\/wp-json\/wp\/v2\/media?parent=3610"}],"curies":[{"name":"wp","href":"https:\/\/api.w.org\/{rel}","templated":true}]}}