{"id":3603,"date":"2020-05-13T15:43:04","date_gmt":"2020-05-13T14:43:04","guid":{"rendered":"https:\/\/belgianballoonclub.be\/privacy-policy\/"},"modified":"2025-07-31T08:41:09","modified_gmt":"2025-07-31T07:41:09","slug":"privacy-policy","status":"publish","type":"page","link":"https:\/\/belgianballoonclub.be\/en\/privacy-policy\/","title":{"rendered":"Privacy Policy"},"content":{"rendered":"<h2 class=\"wp-block-heading\">Who are we?<\/h2><p>Our website address is: <a href=\"https:\/\/belgianballoonclub.be\/en\/\">http:\/\/belgianballoonclub.be<\/a>.<br \/>Listed under the company number: 419497680<\/p><p>The Belgian Balloon Club ASBL was created in 1979 by a handful of hot air balloon enthusiasts. The Belgium Balloon Club celebrated its 40th anniversary in 2019.  We have 15 hot air balloons. We also have a mini remote controlled hot air balloon. We inflate the latter during certain gatherings.  <\/p><p>The non-profit organisation aims to promote ballooning. Our head office is located in Namur. But we fly everywhere in Belgium.  <\/p><h2 class=\"wp-block-heading\">Use of personal data collected<\/h2><h3 class=\"wp-block-heading\">Feedback<\/h3><p>When you leave a comment on our website, the data entered in the comment form, as well as your IP address and the user agent of your browser, are collected to help us detect unwanted comments.<\/p><p>An anonymized string created from your email address (also known as a hash) may be sent to the Gravatar service to check if you are using the Gravatar service. The privacy policy of the <a href=\"https:\/\/automattic.com\/privacy\/\">Gravatar service is available here<\/a>. After validating your comment, your profile picture will be publicly visible next to your comment. You are the one who manages your profile through the Gravatar service.   <\/p><h3 class=\"wp-block-heading\">Media<\/h3><p>If you upload images to the website, we advise you to avoid uploading images that contain GPS coordinate data. Visitors to your website could download and extract location data from these images. <\/p><h3 class=\"wp-block-heading\">Contact forms<\/h3><p>We have a few contact forms on our website:<\/p><ul class=\"wp-block-list\"><li><a href=\"https:\/\/belgianballoonclub.be\/voler-avec-nous\/\">Fly with us<\/a><\/li>\n\n<li><a href=\"https:\/\/belgianballoonclub.be\/contacter\/\">Contact Page<\/a><\/li>\n\n<li><a href=\"https:\/\/belgianballoonclub.be\/stem#contact\" target=\"_blank\" rel=\"noreferrer noopener\">STEM &#8211; Contact<\/a><\/li><\/ul><p>For each of them you must confirm that you have read the rules here. The Belgian Balloon Club undertakes to treat this data with the utmost caution and only within the framework of the said form. <\/p><p>The data from these forms is used to meet your flight expectations (<a href=\"https:\/\/belgianballoonclub.be\/voler-avec-nous\/\">Fly with us<\/a>) or to answer your questions (<a href=\"https:\/\/belgianballoonclub.be\/contacter\/\">contact page<\/a>).  <\/p><h3 class=\"wp-block-heading\">Cookies<\/h3><p>If you leave a comment on our site, you will be offered to save your name, email address and website in cookies. This is only for your convenience so that you don&rsquo;t have to enter this information if you leave another comment later. These cookies expire after one year.  <\/p><p>If you have an account and log in to this site, a temporary cookie will be created to determine whether your browser accepts cookies. It does not contain any personal data and will be deleted automatically when you close your browser. <\/p><p>When you log in, we will set a number of cookies to save your login information and screen preferences. The lifespan of a login cookie is two days, that of a screen option cookie is one year. If you tick \u00ab\u00a0Remember me\u00a0\u00bb, your login cookie will be stored for two weeks. If you log out of your account, the login cookie will be deleted.   <\/p><p>When you edit or publish an article, an additional cookie will be stored in your browser. This cookie does not include any personal data. It simply shows the ID of the item you just edited. It expires after a day.   <\/p><h3 class=\"wp-block-heading\">Content embedded from other sites<\/h3><p>Articles on this site may include embedded content (e.g. videos, images, articles, etc.). Content embedded from other sites behaves in the same way as if the visitor were going to that other site. <\/p><p>These websites may collect data about you, use cookies, embed third-party tracking tools, track your interactions with this embedded content if you have a connected account on their website.<\/p><h3 class=\"wp-block-heading\">Fly with us<\/h3><p>If you fly with us, you will be asked for some private information in order to ensure the safety of your flight.<\/p><h2 class=\"wp-block-heading\">How long your data is stored<\/h2><p>If you leave a comment, the comment and its metadata are retained indefinitely. This allows you to automatically recognize and approve subsequent comments instead of leaving them in the moderation queue. <\/p><p>If you take a flight on board one of our balloons, the data provided in the context of this will be kept for a period of 3 months. Your billing data is kept for a period of 10 years. <\/p><h2 class=\"wp-block-heading\">The rights you have over your data<\/h2><p>If you have flown with us or left comments on the site, you can request to receive a file containing all the personal data we have about you, including the data you have provided to us. You can also request the deletion of personal data about you. This does not take into account data stored for administrative, legal or security purposes.  <\/p><h2 class=\"wp-block-heading\">Disclosure of your personal data<\/h2><p>Visitor comments are checked using an automated spam detection service.<\/p><h3 class=\"wp-block-heading\">Marketing automation operations<\/h3><p>The data you enter in our forms will require your approval before using it in our marketing emails. If you still want to unsubscribe from these emails, you have a link in each of them. <\/p><h3 class=\"wp-block-heading\">Statistics<\/h3><p>If you accept cookies on our website, we use your data anonymously for statistical purposes.<\/p><h3 class=\"wp-block-heading\">Transmission of information for remuneration<\/h3><p>Under no circumstances is the Belgian balloon club allowed to resell your data or to authorise the use of your data for its own commercial purposes.<\/p><h3 class=\"wp-block-heading\">Subcontracting<\/h3><p>As part of the outsourcing of your flight, we will notify you by e-mail. The data specific to your flight will be transmitted to our subcontractor. It will always be possible for you not to accept subcontracting.  <\/p><h2 class=\"wp-block-heading\">\u00ab\u00a0STEM at altitude\u00a0\u00bb<\/h2><p>The \u00ab\u00a0<a href=\"https:\/\/belgianballoonclub.be\/stem\">STEM at Altitude<\/a>\u00a0\u00bb project by Belgian Balloon Club is a project aimed at schools in the Wallonia-Brussels community in Belgium. As a project of the Belgian balloon club, it meets the same requirements as these privacy policies. <\/p><h3 class=\"wp-block-heading\">Newsletter<\/h3><p>If you agree to be kept informed as part of the \u00ab\u00a0STEM at Altitude\u00a0\u00bb project, the time between two newsletters will not be less than 15 days.<\/p><h1 class=\"wp-block-heading\">Revoke your cookie consent<\/h1><a href=\"#\" class=\"cn-revoke-cookie cn-button-inline cn-revoke-inline\" title=\"R\u00e9voquer le consentement\">R\u00e9voquer le consentement<\/a>","protected":false},"excerpt":{"rendered":"<p>Who are we? Our website address is: http:\/\/belgianballoonclub.be.Listed under the company number: 419497680 The Belgian Balloon Club ASBL was created [&hellip;]<\/p>\n","protected":false},"author":1,"featured_media":0,"parent":0,"menu_order":0,"comment_status":"closed","ping_status":"closed","template":"","meta":{"footnotes":""},"class_list":["post-3603","page","type-page","status-publish","hentry"],"yoast_head":"<!-- This site is optimized with the Yoast SEO plugin v27.4 - https:\/\/yoast.com\/product\/yoast-seo-wordpress\/ -->\n<title>Belgian balloon club - Privacy Policy<\/title>\n<meta name=\"description\" content=\"Le Belgian Balloon Club est une ASBL qui a \u00e9t\u00e9 cr\u00e9\u00e9e en 1979. Il a pour but d&#039;ouvrir le sport a\u00e9rostatique au plus grand nombre.\" \/>\n<meta name=\"robots\" content=\"index, follow, max-snippet:-1, max-image-preview:large, max-video-preview:-1\" \/>\n<link rel=\"canonical\" href=\"https:\/\/belgianballoonclub.be\/en\/privacy-policy\/\" \/>\n<meta property=\"og:locale\" content=\"en_US\" \/>\n<meta property=\"og:type\" content=\"article\" \/>\n<meta property=\"og:title\" content=\"Belgian balloon club - Privacy Policy\" \/>\n<meta property=\"og:description\" content=\"Le Belgian Balloon Club est une ASBL qui a \u00e9t\u00e9 cr\u00e9\u00e9e en 1979. Il a pour but d&#039;ouvrir le sport a\u00e9rostatique au plus grand nombre.\" \/>\n<meta property=\"og:url\" content=\"https:\/\/belgianballoonclub.be\/en\/privacy-policy\/\" \/>\n<meta property=\"og:site_name\" content=\"Belgian balloon club\" \/>\n<meta property=\"article:publisher\" content=\"https:\/\/www.facebook.com\/belgianballoonclub\" \/>\n<meta property=\"article:modified_time\" content=\"2025-07-31T07:41:09+00:00\" \/>\n<meta property=\"og:image\" content=\"https:\/\/belgianballoonclub.be\/wp-content\/uploads\/2017\/12\/Logo-BBC.jpg\" \/>\n\t<meta property=\"og:image:width\" content=\"1654\" \/>\n\t<meta property=\"og:image:height\" content=\"1063\" \/>\n\t<meta property=\"og:image:type\" content=\"image\/jpeg\" \/>\n<meta name=\"twitter:label1\" content=\"Est. reading time\" \/>\n\t<meta name=\"twitter:data1\" content=\"5 minutes\" \/>\n<script type=\"application\/ld+json\" class=\"yoast-schema-graph\">{\"@context\":\"https:\\\/\\\/schema.org\",\"@graph\":[{\"@type\":\"WebPage\",\"@id\":\"https:\\\/\\\/belgianballoonclub.be\\\/en\\\/privacy-policy\\\/\",\"url\":\"https:\\\/\\\/belgianballoonclub.be\\\/en\\\/privacy-policy\\\/\",\"name\":\"Belgian balloon club - Privacy Policy\",\"isPartOf\":{\"@id\":\"https:\\\/\\\/belgianballoonclub.be\\\/#website\"},\"datePublished\":\"2020-05-13T14:43:04+00:00\",\"dateModified\":\"2025-07-31T07:41:09+00:00\",\"description\":\"Le Belgian Balloon Club est une ASBL qui a \u00e9t\u00e9 cr\u00e9\u00e9e en 1979. Il a pour but d'ouvrir le sport a\u00e9rostatique au plus grand nombre.\",\"breadcrumb\":{\"@id\":\"https:\\\/\\\/belgianballoonclub.be\\\/en\\\/privacy-policy\\\/#breadcrumb\"},\"inLanguage\":\"fr-FR\",\"potentialAction\":[{\"@type\":\"ReadAction\",\"target\":[\"https:\\\/\\\/belgianballoonclub.be\\\/en\\\/privacy-policy\\\/\"]}]},{\"@type\":\"BreadcrumbList\",\"@id\":\"https:\\\/\\\/belgianballoonclub.be\\\/en\\\/privacy-policy\\\/#breadcrumb\",\"itemListElement\":[{\"@type\":\"ListItem\",\"position\":1,\"name\":\"Accueil\",\"item\":\"https:\\\/\\\/belgianballoonclub.be\\\/en\\\/\"},{\"@type\":\"ListItem\",\"position\":2,\"name\":\"Privacy Policy\"}]},{\"@type\":\"WebSite\",\"@id\":\"https:\\\/\\\/belgianballoonclub.be\\\/#website\",\"url\":\"https:\\\/\\\/belgianballoonclub.be\\\/\",\"name\":\"Belgian balloon club\",\"description\":\"Fly for fun\",\"publisher\":{\"@id\":\"https:\\\/\\\/belgianballoonclub.be\\\/#organization\"},\"potentialAction\":[{\"@type\":\"SearchAction\",\"target\":{\"@type\":\"EntryPoint\",\"urlTemplate\":\"https:\\\/\\\/belgianballoonclub.be\\\/?s={search_term_string}\"},\"query-input\":{\"@type\":\"PropertyValueSpecification\",\"valueRequired\":true,\"valueName\":\"search_term_string\"}}],\"inLanguage\":\"fr-FR\"},{\"@type\":\"Organization\",\"@id\":\"https:\\\/\\\/belgianballoonclub.be\\\/#organization\",\"name\":\"Belgian balloon club\",\"url\":\"https:\\\/\\\/belgianballoonclub.be\\\/\",\"logo\":{\"@type\":\"ImageObject\",\"inLanguage\":\"fr-FR\",\"@id\":\"https:\\\/\\\/belgianballoonclub.be\\\/#\\\/schema\\\/logo\\\/image\\\/\",\"url\":\"https:\\\/\\\/belgianballoonclub.be\\\/wp-content\\\/uploads\\\/2017\\\/12\\\/Logo-BBC.jpg\",\"contentUrl\":\"https:\\\/\\\/belgianballoonclub.be\\\/wp-content\\\/uploads\\\/2017\\\/12\\\/Logo-BBC.jpg\",\"width\":1654,\"height\":1063,\"caption\":\"Belgian balloon club\"},\"image\":{\"@id\":\"https:\\\/\\\/belgianballoonclub.be\\\/#\\\/schema\\\/logo\\\/image\\\/\"},\"sameAs\":[\"https:\\\/\\\/www.facebook.com\\\/belgianballoonclub\",\"https:\\\/\\\/www.youtube.com\\\/channel\\\/UCqPRPMiO7Y6jZJ43ZLDmrAQ\"]}]}<\/script>\n<!-- \/ Yoast SEO plugin. -->","yoast_head_json":{"title":"Belgian balloon club - Privacy Policy","description":"Le Belgian Balloon Club est une ASBL qui a \u00e9t\u00e9 cr\u00e9\u00e9e en 1979. Il a pour but d'ouvrir le sport a\u00e9rostatique au plus grand nombre.","robots":{"index":"index","follow":"follow","max-snippet":"max-snippet:-1","max-image-preview":"max-image-preview:large","max-video-preview":"max-video-preview:-1"},"canonical":"https:\/\/belgianballoonclub.be\/en\/privacy-policy\/","og_locale":"en_US","og_type":"article","og_title":"Belgian balloon club - Privacy Policy","og_description":"Le Belgian Balloon Club est une ASBL qui a \u00e9t\u00e9 cr\u00e9\u00e9e en 1979. Il a pour but d'ouvrir le sport a\u00e9rostatique au plus grand nombre.","og_url":"https:\/\/belgianballoonclub.be\/en\/privacy-policy\/","og_site_name":"Belgian balloon club","article_publisher":"https:\/\/www.facebook.com\/belgianballoonclub","article_modified_time":"2025-07-31T07:41:09+00:00","og_image":[{"width":1654,"height":1063,"url":"https:\/\/belgianballoonclub.be\/wp-content\/uploads\/2017\/12\/Logo-BBC.jpg","type":"image\/jpeg"}],"twitter_misc":{"Est. reading time":"5 minutes"},"schema":{"@context":"https:\/\/schema.org","@graph":[{"@type":"WebPage","@id":"https:\/\/belgianballoonclub.be\/en\/privacy-policy\/","url":"https:\/\/belgianballoonclub.be\/en\/privacy-policy\/","name":"Belgian balloon club - Privacy Policy","isPartOf":{"@id":"https:\/\/belgianballoonclub.be\/#website"},"datePublished":"2020-05-13T14:43:04+00:00","dateModified":"2025-07-31T07:41:09+00:00","description":"Le Belgian Balloon Club est une ASBL qui a \u00e9t\u00e9 cr\u00e9\u00e9e en 1979. Il a pour but d'ouvrir le sport a\u00e9rostatique au plus grand nombre.","breadcrumb":{"@id":"https:\/\/belgianballoonclub.be\/en\/privacy-policy\/#breadcrumb"},"inLanguage":"fr-FR","potentialAction":[{"@type":"ReadAction","target":["https:\/\/belgianballoonclub.be\/en\/privacy-policy\/"]}]},{"@type":"BreadcrumbList","@id":"https:\/\/belgianballoonclub.be\/en\/privacy-policy\/#breadcrumb","itemListElement":[{"@type":"ListItem","position":1,"name":"Accueil","item":"https:\/\/belgianballoonclub.be\/en\/"},{"@type":"ListItem","position":2,"name":"Privacy Policy"}]},{"@type":"WebSite","@id":"https:\/\/belgianballoonclub.be\/#website","url":"https:\/\/belgianballoonclub.be\/","name":"Belgian balloon club","description":"Fly for fun","publisher":{"@id":"https:\/\/belgianballoonclub.be\/#organization"},"potentialAction":[{"@type":"SearchAction","target":{"@type":"EntryPoint","urlTemplate":"https:\/\/belgianballoonclub.be\/?s={search_term_string}"},"query-input":{"@type":"PropertyValueSpecification","valueRequired":true,"valueName":"search_term_string"}}],"inLanguage":"fr-FR"},{"@type":"Organization","@id":"https:\/\/belgianballoonclub.be\/#organization","name":"Belgian balloon club","url":"https:\/\/belgianballoonclub.be\/","logo":{"@type":"ImageObject","inLanguage":"fr-FR","@id":"https:\/\/belgianballoonclub.be\/#\/schema\/logo\/image\/","url":"https:\/\/belgianballoonclub.be\/wp-content\/uploads\/2017\/12\/Logo-BBC.jpg","contentUrl":"https:\/\/belgianballoonclub.be\/wp-content\/uploads\/2017\/12\/Logo-BBC.jpg","width":1654,"height":1063,"caption":"Belgian balloon club"},"image":{"@id":"https:\/\/belgianballoonclub.be\/#\/schema\/logo\/image\/"},"sameAs":["https:\/\/www.facebook.com\/belgianballoonclub","https:\/\/www.youtube.com\/channel\/UCqPRPMiO7Y6jZJ43ZLDmrAQ"]}]}},"_links":{"self":[{"href":"https:\/\/belgianballoonclub.be\/en\/wp-json\/wp\/v2\/pages\/3603","targetHints":{"allow":["GET"]}}],"collection":[{"href":"https:\/\/belgianballoonclub.be\/en\/wp-json\/wp\/v2\/pages"}],"about":[{"href":"https:\/\/belgianballoonclub.be\/en\/wp-json\/wp\/v2\/types\/page"}],"author":[{"embeddable":true,"href":"https:\/\/belgianballoonclub.be\/en\/wp-json\/wp\/v2\/users\/1"}],"replies":[{"embeddable":true,"href":"https:\/\/belgianballoonclub.be\/en\/wp-json\/wp\/v2\/comments?post=3603"}],"version-history":[{"count":1,"href":"https:\/\/belgianballoonclub.be\/en\/wp-json\/wp\/v2\/pages\/3603\/revisions"}],"predecessor-version":[{"id":3607,"href":"https:\/\/belgianballoonclub.be\/en\/wp-json\/wp\/v2\/pages\/3603\/revisions\/3607"}],"wp:attachment":[{"href":"https:\/\/belgianballoonclub.be\/en\/wp-json\/wp\/v2\/media?parent=3603"}],"curies":[{"name":"wp","href":"https:\/\/api.w.org\/{rel}","templated":true}]}}